{"id":191,"date":"2025-12-29T11:48:15","date_gmt":"2025-12-29T10:48:15","guid":{"rendered":"https:\/\/gegagyqa.cyon.site\/milimex\/?page_id=191"},"modified":"2025-12-30T17:37:14","modified_gmt":"2025-12-30T16:37:14","slug":"ueber-uns","status":"publish","type":"page","link":"https:\/\/milimex.ch\/fr\/ueber-uns\/","title":{"rendered":"\u00c0 propos de nous"},"content":{"rendered":"<div class=\"wp-block-cover alignfull\" style=\"min-height:398px;aspect-ratio:unset;\"><img loading=\"lazy\" decoding=\"async\" width=\"1024\" height=\"346\" class=\"wp-block-cover__image-background wp-image-87 size-large\" alt=\"\" src=\"https:\/\/gegagyqa.cyon.site\/milimex\/wp-content\/uploads\/sites\/5\/2025\/12\/csm_shutterstock_790663150__1__6e02e8ce2f-1-1024x346.jpg\" data-object-fit=\"cover\" srcset=\"https:\/\/milimex.ch\/wp-content\/uploads\/sites\/5\/2025\/12\/csm_shutterstock_790663150__1__6e02e8ce2f-1-1024x346.jpg 1024w, https:\/\/milimex.ch\/wp-content\/uploads\/sites\/5\/2025\/12\/csm_shutterstock_790663150__1__6e02e8ce2f-1-300x101.jpg 300w, https:\/\/milimex.ch\/wp-content\/uploads\/sites\/5\/2025\/12\/csm_shutterstock_790663150__1__6e02e8ce2f-1-768x259.jpg 768w, https:\/\/milimex.ch\/wp-content\/uploads\/sites\/5\/2025\/12\/csm_shutterstock_790663150__1__6e02e8ce2f-1-1536x519.jpg 1536w, https:\/\/milimex.ch\/wp-content\/uploads\/sites\/5\/2025\/12\/csm_shutterstock_790663150__1__6e02e8ce2f-1-18x6.jpg 18w, https:\/\/milimex.ch\/wp-content\/uploads\/sites\/5\/2025\/12\/csm_shutterstock_790663150__1__6e02e8ce2f-1.jpg 1903w\" sizes=\"auto, (max-width: 1024px) 100vw, 1024px\" \/><span aria-hidden=\"true\" class=\"wp-block-cover__background has-background-dim\" style=\"background-color:#5f5c63\"><\/span><div class=\"wp-block-cover__inner-container has-global-padding is-layout-constrained wp-block-cover-is-layout-constrained\">\n<h1 class=\"wp-block-heading has-text-align-center has-xx-large-font-size\"><strong>\u00c0 propos de nous<\/strong><\/h1>\n\n\n\n<h2 class=\"wp-block-heading has-text-align-center has-large-font-size\">Mission, vision et contact<\/h2>\n<\/div><\/div>\n\n\n\n<div class=\"wp-block-group has-global-padding is-layout-constrained wp-container-core-group-is-layout-c385debf wp-block-group-is-layout-constrained\" style=\"padding-top:var(--wp--preset--spacing--20);padding-right:var(--wp--preset--spacing--20);padding-bottom:var(--wp--preset--spacing--20);padding-left:var(--wp--preset--spacing--20)\">\n<h2 class=\"wp-block-heading has-x-large-font-size\"><strong>Mission<\/strong><\/h2>\n\n\n\n<p class=\"has-large-font-size\">Milimex soutient les entreprises manufacturi\u00e8res dans leur d\u00e9marche vers une durabilit\u00e9 et une productivit\u00e9 accrues. Avec Milimex, vous avez acc\u00e8s aux outils et au savoir-faire n\u00e9cessaires \u00e0 une production optimale. Concr\u00e8tement, Milimex vous soutient avec :<\/p>\n\n\n\n<ul class=\"wp-block-list\">\n<li class=\"has-large-font-size\">une offre de conseil pour augmenter la productivit\u00e9 des t\u00e2ches d'assemblage et ainsi \u00e9conomiser des ressources,<\/li>\n\n\n\n<li class=\"has-large-font-size\">la r\u00e9alisation d\u2019appareils sp\u00e9cifiques d\u2019assemblage et de graissage,<\/li>\n\n\n\n<li class=\"has-large-font-size\">des syst\u00e8mes de stockage compacts pour une exploitation optimale des surfaces.<\/li>\n<\/ul>\n\n\n\n<h2 class=\"wp-block-heading has-x-large-font-size\"><strong>Vision<\/strong><\/h2>\n\n\n\n<p class=\"has-large-font-size\">La pr\u00e9servation des bases naturelles de la vie est, pour Milimex, une condition pr\u00e9alable \u00e0 l'action entrepreneuriale. Milimex, second\u00e9e par un vaste r\u00e9seau disposant d\u2019un savoir-faire vari\u00e9, a pour objectif d'accompagner les entreprises manufacturi\u00e8res sur la voie d'une production durable et respectueuse des ressources.<\/p>\n<\/div>\n\n\n\n<div class=\"wp-block-group has-global-padding is-layout-constrained wp-container-core-group-is-layout-c385debf wp-block-group-is-layout-constrained\" style=\"padding-top:var(--wp--preset--spacing--20);padding-right:var(--wp--preset--spacing--20);padding-bottom:var(--wp--preset--spacing--20);padding-left:var(--wp--preset--spacing--20)\">\n<h2 class=\"wp-block-heading\"><strong>Votre contact<\/strong><\/h2>\n\n\n\n<div class=\"wp-block-group is-content-justification-right is-nowrap is-layout-flex wp-container-core-group-is-layout-17124a9a wp-block-group-is-layout-flex\">\n<div class=\"wp-block-group is-vertical is-layout-flex wp-container-core-group-is-layout-fe9cc265 wp-block-group-is-layout-flex\">\n<p class=\"has-large-font-size\"><strong>Flavio Milanesi<\/strong><\/p>\n\n\n\n<p class=\"has-medium-font-size\">Directeur<\/p>\n\n\n\n<div class=\"wp-block-group is-layout-flex wp-block-group-is-layout-flex\" style=\"padding-top:var(--wp--preset--spacing--30)\">\n<p class=\"has-link-color has-medium-font-size wp-elements-0ff1d84e5bc8ad6ad29f2ff4e8b78581\">E-mail :<\/p>\n\n\n\n<p class=\"has-link-color has-medium-font-size wp-elements-efdbd169881d1f0986cb48227c57da01\"><a href=\"mailto:f.milanesi@milimex.ch\" target=\"_blank\" rel=\"noreferrer noopener\">f.milanesi@milimex.ch<\/a><\/p>\n<\/div>\n\n\n\n<div class=\"wp-block-group is-layout-flex wp-block-group-is-layout-flex\" style=\"padding-bottom:var(--wp--preset--spacing--30)\">\n<p class=\"has-link-color has-medium-font-size wp-elements-2462ad2fae9b8c08fcd439899590fec9\">T\u00e9l\u00e9phone : <\/p>\n\n\n\n<p class=\"has-link-color has-medium-font-size wp-elements-4f045c55f70840246ab806b52dd875aa\"><a href=\"tel:+41794505882\" data-type=\"tel\" data-id=\"tel:+41794505882\">+41 79 450 58 82<\/a><\/p>\n<\/div>\n<\/div>\n\n\n\n<figure class=\"wp-block-image size-medium is-style-default\"><img loading=\"lazy\" decoding=\"async\" width=\"300\" height=\"300\" src=\"https:\/\/gegagyqa.cyon.site\/milimex\/wp-content\/uploads\/sites\/5\/2025\/12\/csm_Flavio_Milanesi_Business_4d6abde3b1-edited-300x300.jpg\" alt=\"\" class=\"wp-image-162\" srcset=\"https:\/\/milimex.ch\/wp-content\/uploads\/sites\/5\/2025\/12\/csm_Flavio_Milanesi_Business_4d6abde3b1-edited-300x300.jpg 300w, https:\/\/milimex.ch\/wp-content\/uploads\/sites\/5\/2025\/12\/csm_Flavio_Milanesi_Business_4d6abde3b1-edited-150x150.jpg 150w, https:\/\/milimex.ch\/wp-content\/uploads\/sites\/5\/2025\/12\/csm_Flavio_Milanesi_Business_4d6abde3b1-edited-12x12.jpg 12w, https:\/\/milimex.ch\/wp-content\/uploads\/sites\/5\/2025\/12\/csm_Flavio_Milanesi_Business_4d6abde3b1-edited.jpg 760w\" sizes=\"auto, (max-width: 300px) 100vw, 300px\" \/><\/figure>\n<\/div>\n<\/div>\n\n\n\n<div class=\"wp-block-group has-global-padding is-layout-constrained wp-container-core-group-is-layout-c385debf wp-block-group-is-layout-constrained\" style=\"padding-top:var(--wp--preset--spacing--20);padding-right:var(--wp--preset--spacing--20);padding-bottom:var(--wp--preset--spacing--20);padding-left:var(--wp--preset--spacing--20)\">\n<h2 class=\"wp-block-heading\"><strong>Parcours<\/strong><\/h2>\n\n\n\n<ul class=\"wp-block-list\">\n<li>Fils d'immigr\u00e9s italiens, il a obtenu sa maturit\u00e9 litt\u00e9raire en 1979 \u00e0 Bienne.<\/li>\n\n\n\n<li>Es folgte ein Praktikum an der ehemaligen Kantonsschule f\u00fcr mikromechanische Berufe. 1984 wurde er Ingenieur FH in Mikrotechnik.<\/li>\n\n\n\n<li>De 1985 \u00e0 2000, il est actif dans le domaine des syst\u00e8mes de transport sans conducteur en tant qu\u2019ing\u00e9nieur de mise en service, chef de vente et chef de projet \u00e0 l\u2019international.<\/li>\n\n\n\n<li>Au milieu de l'ann\u00e9e 2000, il affronte un nouveau d\u00e9fi en tant que directeur d'une PME active en Europe dans l\u2019automatisation de la pr\u00e9paration de commandes et du stockage de petites pi\u00e8ces.<\/li>\n\n\n\n<li>\u00c0 partir de 2006, il acquiert de nouvelles exp\u00e9riences en tant que responsable commercial dans le secteur des composants X-Ray de haute qualit\u00e9 pour le contr\u00f4le non destructif de produits industriels et alimentaires.<\/li>\n\n\n\n<li>Depuis 2008, il occupe avec succ\u00e8s diff\u00e9rentes fonctions de direction dans le secteur de l'automatisation. Des postes de travail manuels, des lignes d'assemblage One-Piece-Flow ou des machines d\u2019assemblage complexes font partie de ses r\u00e9alisations.<\/li>\n\n\n\n<li>Il trouve son \u00e9quilibre en tant que t\u00e9nor dans le ch\u0153ur lyrique du Th\u00e9\u00e2tre Orchestre Bienne Soleure.<\/li>\n<\/ul>\n<\/div>\n\n\n\n<p><\/p>","protected":false},"excerpt":{"rendered":"<p>Mission Milimex unterst\u00fctzt Fertigungsunternehmen auf ihrem Weg zu mehr Nachhaltigkeit und Produktivit\u00e4t. Mit Milimex erhalten Sie Zugang zu den Werkzeugen und dem Know-How f\u00fcr eine optimale Produktion. Konkret unterst\u00fctzt Milimex Sie mit: Vision Der Erhalt der nat\u00fcrlichen Lebensgrundlagen ist f\u00fcr Milimex Voraussetzung f\u00fcr unternehmerisches Handeln. Milimex wird von einem umfangreichen Netzwerk mit vielf\u00e4ltigem Know-how unterst\u00fctzt [&hellip;]<\/p>\n","protected":false},"author":1,"featured_media":0,"parent":0,"menu_order":0,"comment_status":"closed","ping_status":"closed","template":"","meta":{"footnotes":""},"class_list":["post-191","page","type-page","status-publish","hentry"],"_links":{"self":[{"href":"https:\/\/milimex.ch\/fr\/wp-json\/wp\/v2\/pages\/191","targetHints":{"allow":["GET"]}}],"collection":[{"href":"https:\/\/milimex.ch\/fr\/wp-json\/wp\/v2\/pages"}],"about":[{"href":"https:\/\/milimex.ch\/fr\/wp-json\/wp\/v2\/types\/page"}],"author":[{"embeddable":true,"href":"https:\/\/milimex.ch\/fr\/wp-json\/wp\/v2\/users\/1"}],"replies":[{"embeddable":true,"href":"https:\/\/milimex.ch\/fr\/wp-json\/wp\/v2\/comments?post=191"}],"version-history":[{"count":6,"href":"https:\/\/milimex.ch\/fr\/wp-json\/wp\/v2\/pages\/191\/revisions"}],"predecessor-version":[{"id":304,"href":"https:\/\/milimex.ch\/fr\/wp-json\/wp\/v2\/pages\/191\/revisions\/304"}],"wp:attachment":[{"href":"https:\/\/milimex.ch\/fr\/wp-json\/wp\/v2\/media?parent=191"}],"curies":[{"name":"wp","href":"https:\/\/api.w.org\/{rel}","templated":true}]}}