{"id":2,"date":"2025-12-26T22:40:10","date_gmt":"2025-12-26T21:40:10","guid":{"rendered":"https:\/\/gegagyqa.cyon.site\/milimex\/?page_id=2"},"modified":"2025-12-31T10:43:25","modified_gmt":"2025-12-31T09:43:25","slug":"beispiel-seite","status":"publish","type":"page","link":"https:\/\/milimex.ch\/fr\/","title":{"rendered":"Startseite"},"content":{"rendered":"<figure class=\"wp-block-video alignfull\"><video height=\"540\" style=\"aspect-ratio: 960 \/ 540;\" width=\"960\" autoplay loop muted preload=\"auto\" src=\"https:\/\/gegagyqa.cyon.site\/milimex\/wp-content\/uploads\/sites\/5\/2025\/12\/Film-Startseite-Milimex-kurz.mp4\" playsinline><\/video><\/figure>\n\n\n\n<div class=\"wp-block-group is-layout-flow wp-block-group-is-layout-flow\" style=\"padding-top:var(--wp--preset--spacing--20);padding-right:var(--wp--preset--spacing--20);padding-bottom:var(--wp--preset--spacing--20);padding-left:var(--wp--preset--spacing--20)\">\n<h2 class=\"wp-block-heading alignwide\"><strong>Durabilit\u00e9 et productivit\u00e9 r\u00e9unies<\/strong><\/h2>\n\n\n\n<p>Vous souhaitez promouvoir la durabilit\u00e9 de votre entreprise, r\u00e9duire votre empreinte carbone tout en augmentant votre productivit\u00e9 ? Milimex vous aide dans votre projet en vous proposant une gamme compl\u00e8te de services de conseil pour l'optimisation de vos t\u00e2ches d'assemblage et de vos syst\u00e8mes de stockage.<\/p>\n\n\n\n<div style=\"height:var(--wp--preset--spacing--50)\" aria-hidden=\"true\" class=\"wp-block-spacer\"><\/div>\n<\/div>\n\n\n\n\n\n<div class=\"wp-block-group is-layout-flow wp-block-group-is-layout-flow\" style=\"padding-top:var(--wp--preset--spacing--20);padding-right:var(--wp--preset--spacing--20);padding-bottom:var(--wp--preset--spacing--20);padding-left:var(--wp--preset--spacing--20)\">\n<h2 class=\"wp-block-heading alignwide has-text-align-center has-x-large-font-size\" style=\"letter-spacing:10px;text-transform:uppercase\"><strong>Parlons-en<\/strong><\/h2>\n\n\n\n<div class=\"wp-block-group is-nowrap is-layout-flex wp-container-core-group-is-layout-6c531013 wp-block-group-is-layout-flex\">\n<div aria-hidden=\"true\" class=\"wp-block-spacer wp-container-content-9cfa9a5a\"><\/div>\n\n\n\n<div class=\"wp-block-group has-background is-vertical is-content-justification-center is-layout-flex wp-container-core-group-is-layout-88b45db1 wp-block-group-is-layout-flex\" style=\"background-color:#f8f9fa;padding-top:var(--wp--preset--spacing--30);padding-right:var(--wp--preset--spacing--30);padding-bottom:var(--wp--preset--spacing--30);padding-left:var(--wp--preset--spacing--30)\">\n<figure class=\"wp-block-image size-thumbnail is-style-rounded\"><img loading=\"lazy\" decoding=\"async\" width=\"150\" height=\"150\" src=\"https:\/\/gegagyqa.cyon.site\/milimex\/wp-content\/uploads\/sites\/5\/2025\/12\/csm_Flavio_Milanesi_Business_4d6abde3b1-edited-150x150.jpg\" alt=\"\" class=\"wp-image-162\" srcset=\"https:\/\/milimex.ch\/wp-content\/uploads\/sites\/5\/2025\/12\/csm_Flavio_Milanesi_Business_4d6abde3b1-edited-150x150.jpg 150w, https:\/\/milimex.ch\/wp-content\/uploads\/sites\/5\/2025\/12\/csm_Flavio_Milanesi_Business_4d6abde3b1-edited-300x300.jpg 300w, https:\/\/milimex.ch\/wp-content\/uploads\/sites\/5\/2025\/12\/csm_Flavio_Milanesi_Business_4d6abde3b1-edited-12x12.jpg 12w, https:\/\/milimex.ch\/wp-content\/uploads\/sites\/5\/2025\/12\/csm_Flavio_Milanesi_Business_4d6abde3b1-edited.jpg 760w\" sizes=\"auto, (max-width: 150px) 100vw, 150px\" \/><\/figure>\n\n\n\n<p class=\"has-large-font-size\"><strong>Flavio Milanesi<\/strong><\/p>\n\n\n\n<div class=\"wp-block-group is-vertical is-layout-flex wp-container-core-group-is-layout-fe9cc265 wp-block-group-is-layout-flex\">\n<div class=\"wp-block-group has-medium-font-size is-horizontal is-content-justification-left is-nowrap is-layout-flex wp-container-core-group-is-layout-e5fbeb3a wp-block-group-is-layout-flex\">\n<figure class=\"wp-block-image size-full\"><img loading=\"lazy\" decoding=\"async\" width=\"25\" height=\"25\" src=\"https:\/\/gegagyqa.cyon.site\/milimex\/wp-content\/uploads\/sites\/5\/2025\/12\/email_3894024-Kopie-1.png\" alt=\"\" class=\"wp-image-175\" style=\"object-fit:cover\" srcset=\"https:\/\/milimex.ch\/wp-content\/uploads\/sites\/5\/2025\/12\/email_3894024-Kopie-1.png 25w, https:\/\/milimex.ch\/wp-content\/uploads\/sites\/5\/2025\/12\/email_3894024-Kopie-1-12x12.png 12w\" sizes=\"auto, (max-width: 25px) 100vw, 25px\" \/><\/figure>\n\n\n\n<p class=\"has-medium-font-size\"><a href=\"mailto:f.milanesi@milimex.ch\" target=\"_blank\" rel=\"noreferrer noopener\">f.milanesi@milimex.ch<\/a><\/p>\n<\/div>\n\n\n\n<div class=\"wp-block-group is-content-justification-left is-nowrap is-layout-flex wp-container-core-group-is-layout-fc9f69e7 wp-block-group-is-layout-flex\">\n<figure class=\"wp-block-image size-full\"><img loading=\"lazy\" decoding=\"async\" width=\"25\" height=\"25\" src=\"https:\/\/gegagyqa.cyon.site\/milimex\/wp-content\/uploads\/sites\/5\/2025\/12\/apple_15665129-Kopie-1.png\" alt=\"\" class=\"wp-image-176\" style=\"object-fit:cover\" srcset=\"https:\/\/milimex.ch\/wp-content\/uploads\/sites\/5\/2025\/12\/apple_15665129-Kopie-1.png 25w, https:\/\/milimex.ch\/wp-content\/uploads\/sites\/5\/2025\/12\/apple_15665129-Kopie-1-12x12.png 12w\" sizes=\"auto, (max-width: 25px) 100vw, 25px\" \/><\/figure>\n\n\n\n<p class=\"has-medium-font-size\"><a href=\"tel:+41794505882\" target=\"_blank\" rel=\"noreferrer noopener\">+41 79 450 58 82<\/a><\/p>\n<\/div>\n<\/div>\n<\/div>\n\n\n\n<div aria-hidden=\"true\" class=\"wp-block-spacer wp-container-content-9cfa9a5a\"><\/div>\n<\/div>\n<\/div>","protected":false},"excerpt":{"rendered":"<p>Nachhaltigkeit und Produktivit\u00e4t vereint Sie m\u00f6chten die Nachhaltigkeit Ihres Unternehmens f\u00f6rdern, Ihren CO2-Fussabdruck verringern und gleichzeitig eine h\u00f6here Produktivit\u00e4t erreichen? Milimex unterst\u00fctzt Sie bei Ihrem Vorhaben mit einem umfassenden Beratungsangebot hinsichtlich der Optimierung Ihrer Montageaufgaben und Lagersysteme. Beratung Sie haben viele gute Ideen. Wir helfen Ihnen, sie umzusetzen. Design Gemachte Skizzen werden zur Realit\u00e4t. Neue [&hellip;]<\/p>\n","protected":false},"author":1,"featured_media":0,"parent":0,"menu_order":0,"comment_status":"closed","ping_status":"open","template":"","meta":{"footnotes":""},"class_list":["post-2","page","type-page","status-publish","hentry"],"_links":{"self":[{"href":"https:\/\/milimex.ch\/fr\/wp-json\/wp\/v2\/pages\/2","targetHints":{"allow":["GET"]}}],"collection":[{"href":"https:\/\/milimex.ch\/fr\/wp-json\/wp\/v2\/pages"}],"about":[{"href":"https:\/\/milimex.ch\/fr\/wp-json\/wp\/v2\/types\/page"}],"author":[{"embeddable":true,"href":"https:\/\/milimex.ch\/fr\/wp-json\/wp\/v2\/users\/1"}],"replies":[{"embeddable":true,"href":"https:\/\/milimex.ch\/fr\/wp-json\/wp\/v2\/comments?post=2"}],"version-history":[{"count":29,"href":"https:\/\/milimex.ch\/fr\/wp-json\/wp\/v2\/pages\/2\/revisions"}],"predecessor-version":[{"id":321,"href":"https:\/\/milimex.ch\/fr\/wp-json\/wp\/v2\/pages\/2\/revisions\/321"}],"wp:attachment":[{"href":"https:\/\/milimex.ch\/fr\/wp-json\/wp\/v2\/media?parent=2"}],"curies":[{"name":"wp","href":"https:\/\/api.w.org\/{rel}","templated":true}]}}