{"id":205,"date":"2025-12-29T12:51:17","date_gmt":"2025-12-29T11:51:17","guid":{"rendered":"https:\/\/gegagyqa.cyon.site\/milimex\/?page_id=205"},"modified":"2026-01-15T05:48:24","modified_gmt":"2026-01-15T04:48:24","slug":"lagersysteme","status":"publish","type":"page","link":"https:\/\/milimex.ch\/fr\/lagersysteme\/","title":{"rendered":"Syst\u00e8mes de stockage"},"content":{"rendered":"<div class=\"wp-block-cover alignfull\" style=\"min-height:400px;aspect-ratio:unset;\"><img loading=\"lazy\" decoding=\"async\" width=\"1024\" height=\"528\" class=\"wp-block-cover__image-background wp-image-127 size-large\" alt=\"\" src=\"https:\/\/gegagyqa.cyon.site\/milimex\/wp-content\/uploads\/sites\/5\/2025\/12\/lagersysteme_banner-1024x528.png\" data-object-fit=\"cover\" srcset=\"https:\/\/milimex.ch\/wp-content\/uploads\/sites\/5\/2025\/12\/lagersysteme_banner-1024x528.png 1024w, https:\/\/milimex.ch\/wp-content\/uploads\/sites\/5\/2025\/12\/lagersysteme_banner-300x155.png 300w, https:\/\/milimex.ch\/wp-content\/uploads\/sites\/5\/2025\/12\/lagersysteme_banner-768x396.png 768w, https:\/\/milimex.ch\/wp-content\/uploads\/sites\/5\/2025\/12\/lagersysteme_banner-18x9.png 18w, https:\/\/milimex.ch\/wp-content\/uploads\/sites\/5\/2025\/12\/lagersysteme_banner.png 1200w\" sizes=\"auto, (max-width: 1024px) 100vw, 1024px\" \/><span aria-hidden=\"true\" class=\"wp-block-cover__background has-contrast-background-color has-background-dim\"><\/span><div class=\"wp-block-cover__inner-container has-global-padding is-layout-constrained wp-block-cover-is-layout-constrained\">\n<p class=\"has-text-align-center has-medium-font-size\" style=\"letter-spacing:10px;text-transform:uppercase\">Gain de place<\/p>\n\n\n\n<h1 class=\"wp-block-heading has-text-align-center has-base-color has-text-color has-link-color has-xx-large-font-size wp-elements-7037bc75b860bfe8ca19097c1217ffce\"><strong>Syst\u00e8mes de stockage<\/strong><\/h1>\n<\/div><\/div>\n\n\n\n<div class=\"wp-block-group alignwide has-global-padding is-layout-constrained wp-container-core-group-is-layout-c385debf wp-block-group-is-layout-constrained\" style=\"padding-top:var(--wp--preset--spacing--20);padding-right:var(--wp--preset--spacing--20);padding-bottom:var(--wp--preset--spacing--20);padding-left:var(--wp--preset--spacing--20)\">\n<p class=\"has-large-font-size\">Pour le stockage de petites pi\u00e8ces dans un espace restreint, les paternosters, les stockeurs rotatifs et les tours de stockage, \u00e9galement appel\u00e9es rayonnages verticaux, sont imbattables. Ils permettent d'augmenter la surface de stockage m\u00eame lorsque l'espace est limit\u00e9.\nCes appareils sont bas\u00e9s sur le principe de la marchandise vers l'homme. Ils permettent un stockage efficace et garantissent une vitesse de rotation \u00e9lev\u00e9e. Gr\u00e2ce \u00e0 une technique robuste et \u00e9prouv\u00e9e depuis de nombreuses ann\u00e9es, ils poss\u00e8dent une tr\u00e8s grande long\u00e9vit\u00e9. Ils sont durables.<\/p>\n<\/div>\n\n\n\n<div class=\"wp-block-group alignwide is-content-justification-center is-nowrap is-layout-flex wp-container-core-group-is-layout-042c61d3 wp-block-group-is-layout-flex\" style=\"padding-top:var(--wp--preset--spacing--20);padding-right:var(--wp--preset--spacing--20);padding-bottom:var(--wp--preset--spacing--20);padding-left:var(--wp--preset--spacing--20)\">\n<div class=\"wp-block-columns alignwide are-vertically-aligned-center is-layout-flex wp-container-core-columns-is-layout-0d2466c3 wp-block-columns-is-layout-flex\" style=\"padding-top:var(--wp--preset--spacing--20);padding-right:var(--wp--preset--spacing--20);padding-bottom:var(--wp--preset--spacing--20);padding-left:var(--wp--preset--spacing--20)\">\n<div class=\"wp-block-column is-vertically-aligned-center is-layout-flow wp-block-column-is-layout-flow\" style=\"flex-basis:33.34%\">\n<div class=\"wp-block-group is-vertical is-nowrap is-layout-flex wp-container-core-group-is-layout-ddde665d wp-block-group-is-layout-flex\">\n<h2 class=\"wp-block-heading has-large-font-size\" style=\"letter-spacing:2px;text-transform:uppercase\"><strong>Tour de stockage<\/strong><\/h2>\n\n\n\n<p class=\"has-medium-font-size\">BOOSTER : Syst\u00e8me automatique de stockage vertical pour une flexibilit\u00e9 maximale.<\/p>\n\n\n\n<div class=\"wp-block-buttons is-nowrap is-layout-flex wp-container-core-buttons-is-layout-3e4b7299 wp-block-buttons-is-layout-flex\">\n<div class=\"wp-block-button is-style-fill\"><a class=\"wp-block-button__link has-background has-medium-font-size has-custom-font-size wp-element-button\" href=\"https:\/\/milimex.ch\/fr\/lagersysteme\/lagerturm\/\" style=\"border-top-left-radius:0px;border-top-right-radius:0px;border-bottom-left-radius:0px;border-bottom-right-radius:0px;background-color:#cc0f1f;letter-spacing:2px\"><strong>Lire la suite<\/strong><\/a><\/div>\n<\/div>\n<\/div>\n<\/div>\n\n\n\n<div class=\"wp-block-column is-vertically-aligned-center is-layout-flow wp-block-column-is-layout-flow\" style=\"flex-basis:33.34%\">\n<div class=\"wp-block-group is-vertical is-nowrap is-layout-flex wp-container-core-group-is-layout-2948f5cd wp-block-group-is-layout-flex\">\n<h2 class=\"wp-block-heading has-large-font-size\" style=\"letter-spacing:2px;text-transform:uppercase\"><strong><strong>Stockeur rotatif<\/strong><\/strong><\/h2>\n\n\n\n<p class=\"has-medium-font-size\">IMAG : Stockeur rotatif automatique pour plus de productivit\u00e9.<\/p>\n\n\n\n<div class=\"wp-block-buttons is-nowrap is-layout-flex wp-container-core-buttons-is-layout-6c531013 wp-block-buttons-is-layout-flex\">\n<div class=\"wp-block-button is-style-fill\"><a class=\"wp-block-button__link has-background has-medium-font-size has-custom-font-size wp-element-button\" href=\"https:\/\/milimex.ch\/fr\/lagersysteme\/paternosterregal\/\" style=\"border-top-left-radius:0px;border-top-right-radius:0px;border-bottom-left-radius:0px;border-bottom-right-radius:0px;background-color:#cc0f1f;letter-spacing:2px\"><strong>Lire la suite<\/strong><\/a><\/div>\n<\/div>\n<\/div>\n<\/div>\n\n\n\n<div class=\"wp-block-column is-vertically-aligned-center is-layout-flow wp-block-column-is-layout-flow\" style=\"flex-basis:33.33%\">\n<div class=\"wp-block-group is-vertical is-nowrap is-layout-flex wp-container-core-group-is-layout-2948f5cd wp-block-group-is-layout-flex\">\n<h2 class=\"wp-block-heading has-large-font-size\" style=\"letter-spacing:2px;text-transform:uppercase\"><strong>Stockeur r\u00e9frig\u00e9r\u00e9<\/strong><\/h2>\n\n\n\n<p class=\"has-medium-font-size\">KLIMA : Syst\u00e8me de stockage automatis\u00e9 et climatis\u00e9 pour un stockage adapt\u00e9 aux produits.<\/p>\n\n\n\n<div class=\"wp-block-buttons is-nowrap is-layout-flex wp-container-core-buttons-is-layout-cd9ab148 wp-block-buttons-is-layout-flex\">\n<div class=\"wp-block-button is-style-fill\"><a class=\"wp-block-button__link has-background has-medium-font-size has-custom-font-size wp-element-button\" href=\"https:\/\/milimex.ch\/fr\/lagersysteme\/kuehllager\/\" style=\"border-top-left-radius:0px;border-top-right-radius:0px;border-bottom-left-radius:0px;border-bottom-right-radius:0px;background-color:#cc0f1f;letter-spacing:2px\"><strong>Lire la suite<\/strong><\/a><\/div>\n<\/div>\n<\/div>\n<\/div>\n<\/div>\n<\/div>\n\n\n\n<p><\/p>","protected":false},"excerpt":{"rendered":"<p>F\u00fcr die Lagerung von Kleinteilen auf engstem Raum sind Paternosterlager, Umlauflager und Lagert\u00fcrme, auch Vertikal-Lagerlifte genannt, unschlagbar. Mit ihnen l\u00e4sst sich die Lagerfl\u00e4che auch bei begrenztem Platzangebot vergr\u00f6ssern. Diese Ger\u00e4te basieren auf dem Ware-zum-Mann-Prinzip. Sie erm\u00f6glichen eine effiziente Lagerung und garantieren eine hohe Umlaufgeschwindigkeit. Dank robuster und langj\u00e4hrig erprobter Technik besitzen sie eine sehr hohe [&hellip;]<\/p>\n","protected":false},"author":1,"featured_media":0,"parent":0,"menu_order":0,"comment_status":"closed","ping_status":"closed","template":"","meta":{"footnotes":""},"class_list":["post-205","page","type-page","status-publish","hentry"],"_links":{"self":[{"href":"https:\/\/milimex.ch\/fr\/wp-json\/wp\/v2\/pages\/205","targetHints":{"allow":["GET"]}}],"collection":[{"href":"https:\/\/milimex.ch\/fr\/wp-json\/wp\/v2\/pages"}],"about":[{"href":"https:\/\/milimex.ch\/fr\/wp-json\/wp\/v2\/types\/page"}],"author":[{"embeddable":true,"href":"https:\/\/milimex.ch\/fr\/wp-json\/wp\/v2\/users\/1"}],"replies":[{"embeddable":true,"href":"https:\/\/milimex.ch\/fr\/wp-json\/wp\/v2\/comments?post=205"}],"version-history":[{"count":14,"href":"https:\/\/milimex.ch\/fr\/wp-json\/wp\/v2\/pages\/205\/revisions"}],"predecessor-version":[{"id":332,"href":"https:\/\/milimex.ch\/fr\/wp-json\/wp\/v2\/pages\/205\/revisions\/332"}],"wp:attachment":[{"href":"https:\/\/milimex.ch\/fr\/wp-json\/wp\/v2\/media?parent=205"}],"curies":[{"name":"wp","href":"https:\/\/api.w.org\/{rel}","templated":true}]}}