{"id":240,"date":"2025-12-29T14:58:48","date_gmt":"2025-12-29T13:58:48","guid":{"rendered":"https:\/\/gegagyqa.cyon.site\/milimex\/?page_id=240"},"modified":"2026-04-09T08:36:22","modified_gmt":"2026-04-09T06:36:22","slug":"paternosterregal","status":"publish","type":"page","link":"https:\/\/milimex.ch\/fr\/lagersysteme\/paternosterregal\/","title":{"rendered":"Stockeur rotatif"},"content":{"rendered":"<div class=\"wp-block-cover alignfull\" style=\"min-height:399px;aspect-ratio:unset;\"><img loading=\"lazy\" decoding=\"async\" width=\"768\" height=\"1024\" class=\"wp-block-cover__image-background wp-image-139 size-large\" alt=\"\" src=\"https:\/\/gegagyqa.cyon.site\/milimex\/wp-content\/uploads\/sites\/5\/2025\/12\/IMG_4640-768x1024.jpeg\" data-object-fit=\"cover\" srcset=\"https:\/\/milimex.ch\/wp-content\/uploads\/sites\/5\/2025\/12\/IMG_4640-768x1024.jpeg 768w, https:\/\/milimex.ch\/wp-content\/uploads\/sites\/5\/2025\/12\/IMG_4640-225x300.jpeg 225w, https:\/\/milimex.ch\/wp-content\/uploads\/sites\/5\/2025\/12\/IMG_4640-1152x1536.jpeg 1152w, https:\/\/milimex.ch\/wp-content\/uploads\/sites\/5\/2025\/12\/IMG_4640-1536x2048.jpeg 1536w, https:\/\/milimex.ch\/wp-content\/uploads\/sites\/5\/2025\/12\/IMG_4640-9x12.jpeg 9w, https:\/\/milimex.ch\/wp-content\/uploads\/sites\/5\/2025\/12\/IMG_4640-scaled.jpeg 1920w\" sizes=\"auto, (max-width: 768px) 100vw, 768px\" \/><span aria-hidden=\"true\" class=\"wp-block-cover__background has-contrast-background-color has-background-dim\"><\/span><div class=\"wp-block-cover__inner-container has-global-padding is-layout-constrained wp-block-cover-is-layout-constrained\">\n<h2 class=\"wp-block-heading has-text-align-center has-medium-font-size\" style=\"letter-spacing:10px\">IMAG<\/h2>\n\n\n\n<h1 class=\"wp-block-heading has-text-align-center has-xx-large-font-size\"><strong>Stockeur rotatif<\/strong><\/h1>\n<\/div><\/div>\n\n\n\n<div class=\"wp-block-group alignwide is-layout-flow wp-block-group-is-layout-flow\" style=\"padding-top:var(--wp--preset--spacing--20);padding-right:var(--wp--preset--spacing--20);padding-bottom:var(--wp--preset--spacing--20);padding-left:var(--wp--preset--spacing--20)\">\n<p class=\"has-large-font-size\">Avec l\u2019IMAG, tous les articles sont \u00e0 port\u00e9e de main du personnel. L'IMAG est un rayonnage paternoster automatis\u00e9 qui permet d'utiliser toute la hauteur des locaux. Ce syst\u00e8me est la solution id\u00e9ale pour le stockage de produits moyennement lourds.<\/p>\n<\/div>\n\n\n\n<div class=\"wp-block-columns alignwide is-layout-flex wp-container-core-columns-is-layout-0d2466c3 wp-block-columns-is-layout-flex\" style=\"padding-top:var(--wp--preset--spacing--20);padding-right:var(--wp--preset--spacing--20);padding-bottom:var(--wp--preset--spacing--20);padding-left:var(--wp--preset--spacing--20)\">\n<div class=\"wp-block-column is-layout-flow wp-block-column-is-layout-flow\">\n<div class=\"wp-block-group is-vertical is-layout-flex wp-container-core-group-is-layout-fe9cc265 wp-block-group-is-layout-flex\">\n<h2 class=\"wp-block-heading has-x-large-font-size\"><strong>Vos avantages avec l\u2019IMAG<\/strong><\/h2>\n\n\n\n<h3 class=\"wp-block-heading has-large-font-size\" style=\"text-transform:uppercase\"><strong>Personnalisation<\/strong><\/h3>\n\n\n\n<ul class=\"wp-block-list\">\n<li class=\"has-medium-font-size\">Utilisation maximale de la hauteur disponible sur une surface tr\u00e8s limit\u00e9e.<\/li>\n\n\n\n<li class=\"has-medium-font-size\">Configuration personnalis\u00e9e des plateaux et int\u00e9gration d'\u00e9quipements sp\u00e9ciaux selon les besoins.<\/li>\n<\/ul>\n\n\n\n<h3 class=\"wp-block-heading has-large-font-size\" style=\"text-transform:uppercase\"><strong>S\u00e9curit\u00e9<\/strong><\/h3>\n\n\n\n<ul class=\"wp-block-list\">\n<li class=\"has-medium-font-size\">Protection de tous les produits stock\u00e9s, avec des restrictions d'acc\u00e8s pour le personnel non autoris\u00e9.<\/li>\n<\/ul>\n\n\n\n<h3 class=\"wp-block-heading has-large-font-size\" style=\"text-transform:uppercase\"><strong>Tra\u00e7abilit\u00e9<\/strong><\/h3>\n\n\n\n<ul class=\"wp-block-list\">\n<li class=\"has-medium-font-size\">Tra\u00e7abilit\u00e9 et enregistrement de tous les acc\u00e8s et op\u00e9rations.<\/li>\n<\/ul>\n\n\n\n<h3 class=\"wp-block-heading has-large-font-size\" style=\"text-transform:uppercase\"><strong>Ergonomie<\/strong><\/h3>\n\n\n\n<ul class=\"wp-block-list\">\n<li class=\"has-medium-font-size\">Exploitation bas\u00e9e sur le principe du Goods-to-Person.<\/li>\n<\/ul>\n<\/div>\n<\/div>\n\n\n\n<div class=\"wp-block-column is-layout-flow wp-block-column-is-layout-flow\">\n<figure class=\"wp-block-image aligncenter size-full\"><img loading=\"lazy\" decoding=\"async\" width=\"1140\" height=\"1460\" src=\"https:\/\/gegagyqa.cyon.site\/milimex\/wp-content\/uploads\/sites\/5\/2025\/12\/csm_20181221_12181911222_e5ad86c0df.jpg\" alt=\"\" class=\"wp-image-241\" srcset=\"https:\/\/milimex.ch\/wp-content\/uploads\/sites\/5\/2025\/12\/csm_20181221_12181911222_e5ad86c0df.jpg 1140w, https:\/\/milimex.ch\/wp-content\/uploads\/sites\/5\/2025\/12\/csm_20181221_12181911222_e5ad86c0df-234x300.jpg 234w, https:\/\/milimex.ch\/wp-content\/uploads\/sites\/5\/2025\/12\/csm_20181221_12181911222_e5ad86c0df-800x1024.jpg 800w, https:\/\/milimex.ch\/wp-content\/uploads\/sites\/5\/2025\/12\/csm_20181221_12181911222_e5ad86c0df-768x984.jpg 768w, https:\/\/milimex.ch\/wp-content\/uploads\/sites\/5\/2025\/12\/csm_20181221_12181911222_e5ad86c0df-9x12.jpg 9w\" sizes=\"auto, (max-width: 1140px) 100vw, 1140px\" \/><\/figure>\n<\/div>\n<\/div>\n\n\n\n<div class=\"wp-block-columns alignwide is-layout-flex wp-container-core-columns-is-layout-0d2466c3 wp-block-columns-is-layout-flex\" style=\"padding-top:var(--wp--preset--spacing--20);padding-right:var(--wp--preset--spacing--20);padding-bottom:var(--wp--preset--spacing--20);padding-left:var(--wp--preset--spacing--20)\">\n<div class=\"wp-block-column is-layout-flow wp-block-column-is-layout-flow\">\n<div class=\"wp-block-group is-vertical is-layout-flex wp-container-core-group-is-layout-fe9cc265 wp-block-group-is-layout-flex\">\n<h3 class=\"wp-block-heading has-large-font-size\" style=\"text-transform:uppercase\"><strong>Configuration des plateaux<\/strong><\/h3>\n\n\n\n<ul class=\"wp-block-list\">\n<li class=\"has-medium-font-size\">Plateau simple, avec s\u00e9parateurs verticaux fixes.<\/li>\n\n\n\n<li class=\"has-medium-font-size\">Plateau double niveau avec diviseurs horizontaux r\u00e9glables et amovibles.<\/li>\n\n\n\n<li class=\"has-medium-font-size\">Plateau avec panneau transparent et s\u00e9parateurs fixes ou r\u00e9glables.<\/li>\n\n\n\n<li class=\"has-medium-font-size\">Plateau avec tiroirs extractibles sur glissi\u00e8res t\u00e9lescopiques adapt\u00e9es au mat\u00e9riel \u00e0 stocker.<\/li>\n<\/ul>\n<\/div>\n<\/div>\n\n\n\n<div class=\"wp-block-column is-layout-flow wp-block-column-is-layout-flow\">\n<figure class=\"wp-block-image aligncenter size-full\"><img loading=\"lazy\" decoding=\"async\" width=\"271\" height=\"274\" src=\"https:\/\/gegagyqa.cyon.site\/milimex\/wp-content\/uploads\/sites\/5\/2025\/12\/IMAG-INGLESE_WEB.jpg\" alt=\"\" class=\"wp-image-120\" srcset=\"https:\/\/milimex.ch\/wp-content\/uploads\/sites\/5\/2025\/12\/IMAG-INGLESE_WEB.jpg 271w, https:\/\/milimex.ch\/wp-content\/uploads\/sites\/5\/2025\/12\/IMAG-INGLESE_WEB-12x12.jpg 12w\" sizes=\"auto, (max-width: 271px) 100vw, 271px\" \/><\/figure>\n<\/div>\n<\/div>\n\n\n\n<div class=\"wp-block-columns alignwide is-layout-flex wp-container-core-columns-is-layout-0d2466c3 wp-block-columns-is-layout-flex\" style=\"padding-top:var(--wp--preset--spacing--20);padding-right:var(--wp--preset--spacing--20);padding-bottom:var(--wp--preset--spacing--20);padding-left:var(--wp--preset--spacing--20)\">\n<div class=\"wp-block-column is-layout-flow wp-block-column-is-layout-flow\">\n<div class=\"wp-block-group is-vertical is-layout-flex wp-container-core-group-is-layout-fe9cc265 wp-block-group-is-layout-flex\">\n<h2 class=\"wp-block-heading has-x-large-font-size\"><strong>IMAG : Flexibilit\u00e9 maximale<\/strong><\/h2>\n\n\n\n<p class=\"has-medium-font-size\">Les rayonnages de type Paternoster IMAG sont \u00e9quip\u00e9s de plateaux rotatifs. Le plateau s\u00e9lectionn\u00e9 est automatiquement positionn\u00e9 au point de pr\u00e9l\u00e8vement pr\u00e9vu pour le pr\u00e9l\u00e8vement. Les plateaux peuvent \u00eatre \u00e9quip\u00e9s de :<\/p>\n\n\n\n<ul class=\"wp-block-list\">\n<li class=\"has-medium-font-size\">S\u00e9parateurs mobiles pour la formation de compartiments<\/li>\n\n\n\n<li class=\"has-medium-font-size\">Tiroirs sp\u00e9ciaux pour articles de diff\u00e9rentes tailles<\/li>\n\n\n\n<li class=\"has-medium-font-size\">Tiroirs extractibles sur rails t\u00e9lescopiques pour le stockage de petites pi\u00e8ces<\/li>\n\n\n\n<li class=\"has-medium-font-size\">Barres lumineuses pour la pr\u00e9paration guid\u00e9e des commandes<\/li>\n<\/ul>\n<\/div>\n<\/div>\n\n\n\n<div class=\"wp-block-column is-layout-flow wp-block-column-is-layout-flow\">\n<figure class=\"wp-block-image size-full\"><img loading=\"lazy\" decoding=\"async\" width=\"984\" height=\"1665\" src=\"https:\/\/gegagyqa.cyon.site\/milimex\/wp-content\/uploads\/sites\/5\/2025\/12\/struttura.jpg\" alt=\"\" class=\"wp-image-142\" srcset=\"https:\/\/milimex.ch\/wp-content\/uploads\/sites\/5\/2025\/12\/struttura.jpg 984w, https:\/\/milimex.ch\/wp-content\/uploads\/sites\/5\/2025\/12\/struttura-177x300.jpg 177w, https:\/\/milimex.ch\/wp-content\/uploads\/sites\/5\/2025\/12\/struttura-605x1024.jpg 605w, https:\/\/milimex.ch\/wp-content\/uploads\/sites\/5\/2025\/12\/struttura-768x1300.jpg 768w, https:\/\/milimex.ch\/wp-content\/uploads\/sites\/5\/2025\/12\/struttura-908x1536.jpg 908w, https:\/\/milimex.ch\/wp-content\/uploads\/sites\/5\/2025\/12\/struttura-7x12.jpg 7w\" sizes=\"auto, (max-width: 984px) 100vw, 984px\" \/><\/figure>\n<\/div>\n<\/div>\n\n\n\n<div class=\"wp-block-columns alignwide is-layout-flex wp-container-core-columns-is-layout-0d2466c3 wp-block-columns-is-layout-flex\" style=\"padding-top:var(--wp--preset--spacing--20);padding-right:var(--wp--preset--spacing--20);padding-bottom:var(--wp--preset--spacing--20);padding-left:var(--wp--preset--spacing--20)\">\n<div class=\"wp-block-column is-layout-flow wp-block-column-is-layout-flow\">\n<h6 class=\"wp-block-heading has-small-font-size\" style=\"letter-spacing:10px;text-transform:uppercase\">Notre partenaire<\/h6>\n\n\n\n<h2 class=\"wp-block-heading\"><strong>Cyber<\/strong><\/h2>\n\n\n\n<p class=\"has-medium-font-size\">Depuis sa cr\u00e9ation en 1982, Cyber s'est fix\u00e9 pour objectif de r\u00e9aliser des solutions de stockage personnalis\u00e9es qui permettent aux clients de gagner de la place et de r\u00e9duire le temps d'acc\u00e8s aux produits stock\u00e9s. La gestion logique et organique de l'ensemble du stock permet d'am\u00e9liorer consid\u00e9rablement la productivit\u00e9 au quotidien. Cyber d\u00e9veloppe et produit ses syst\u00e8mes de stockage \u00e0 co\u00fbts optimis\u00e9s \u00e0 Ferrara.<\/p>\n<\/div>\n\n\n\n<div class=\"wp-block-column is-layout-flow wp-block-column-is-layout-flow\">\n<figure class=\"wp-block-image aligncenter size-full\"><img loading=\"lazy\" decoding=\"async\" width=\"656\" height=\"287\" src=\"https:\/\/gegagyqa.cyon.site\/milimex\/wp-content\/uploads\/sites\/5\/2025\/12\/cyber-italia-logo-blau.png\" alt=\"\" class=\"wp-image-116\" srcset=\"https:\/\/milimex.ch\/wp-content\/uploads\/sites\/5\/2025\/12\/cyber-italia-logo-blau.png 656w, https:\/\/milimex.ch\/wp-content\/uploads\/sites\/5\/2025\/12\/cyber-italia-logo-blau-300x131.png 300w, https:\/\/milimex.ch\/wp-content\/uploads\/sites\/5\/2025\/12\/cyber-italia-logo-blau-18x8.png 18w\" sizes=\"auto, (max-width: 656px) 100vw, 656px\" \/><\/figure>\n<\/div>\n<\/div>\n\n\n\n<div class=\"wp-block-group alignwide is-vertical is-content-justification-center is-layout-flex wp-container-core-group-is-layout-bc1c67bb wp-block-group-is-layout-flex\" style=\"padding-top:var(--wp--preset--spacing--20);padding-right:var(--wp--preset--spacing--20);padding-bottom:var(--wp--preset--spacing--20);padding-left:var(--wp--preset--spacing--20)\">\n<p class=\"has-large-font-size\" style=\"text-transform:uppercase\">En savoir plus<\/p>\n\n\n\n<div class=\"wp-block-buttons is-layout-flex wp-block-buttons-is-layout-flex\">\n<div class=\"wp-block-button\"><a class=\"wp-block-button__link has-background has-medium-font-size has-custom-font-size wp-element-button\" href=\"https:\/\/milimex.ch\/wp-content\/uploads\/sites\/5\/2026\/04\/factsheet_paternoster_imag_A4_FR_web.pdf\" style=\"border-top-left-radius:0px;border-top-right-radius:0px;border-bottom-left-radius:0px;border-bottom-right-radius:0px;background-color:#cc0f1f;letter-spacing:2px;text-transform:uppercase\" target=\"_blank\" rel=\"noreferrer noopener\"><strong>Factsheet<\/strong><\/a><\/div>\n<\/div>\n<\/div>\n\n\n\n<div class=\"wp-block-group alignwide is-vertical is-content-justification-center is-layout-flex wp-container-core-group-is-layout-bc1c67bb wp-block-group-is-layout-flex\" style=\"padding-top:var(--wp--preset--spacing--20);padding-right:var(--wp--preset--spacing--20);padding-bottom:var(--wp--preset--spacing--20);padding-left:var(--wp--preset--spacing--20)\">\n<p class=\"has-large-font-size\" style=\"text-transform:uppercase\">Contactez-nous maintenant<\/p>\n\n\n\n<div class=\"wp-block-buttons is-layout-flex wp-block-buttons-is-layout-flex\">\n<div class=\"wp-block-button\"><a class=\"wp-block-button__link has-background has-medium-font-size has-custom-font-size wp-element-button\" href=\"https:\/\/milimex.ch\/fr\/kontakt\/\" style=\"border-top-left-radius:0px;border-top-right-radius:0px;border-bottom-left-radius:0px;border-bottom-right-radius:0px;background-color:#cc0f1f;letter-spacing:2px;text-transform:uppercase\"><strong>Contact<\/strong><\/a><\/div>\n<\/div>\n<\/div>\n\n\n\n<p><\/p>","protected":false},"excerpt":{"rendered":"<p>Mit IMAG sind alle Artikel in Reichweite des Personals. IMAG ist ein automatisiertes Paternosterregal, das es erm\u00f6glicht, die gesamte H\u00f6he der R\u00e4ume zu nutzen. Dieses automatische Lager ist die ideale L\u00f6sung f\u00fcr die Lagerung von mittelschweren Materialien. Ihre Vorteile mit IMAG auf einen Blick Individualisierung Sicherheit R\u00fcckverfolgbarkeit Ergonomie Konfiguration der Ablagen IMAG: Maximale Flexibilit\u00e4t Die [&hellip;]<\/p>\n","protected":false},"author":1,"featured_media":0,"parent":205,"menu_order":0,"comment_status":"closed","ping_status":"closed","template":"","meta":{"footnotes":""},"class_list":["post-240","page","type-page","status-publish","hentry"],"_links":{"self":[{"href":"https:\/\/milimex.ch\/fr\/wp-json\/wp\/v2\/pages\/240","targetHints":{"allow":["GET"]}}],"collection":[{"href":"https:\/\/milimex.ch\/fr\/wp-json\/wp\/v2\/pages"}],"about":[{"href":"https:\/\/milimex.ch\/fr\/wp-json\/wp\/v2\/types\/page"}],"author":[{"embeddable":true,"href":"https:\/\/milimex.ch\/fr\/wp-json\/wp\/v2\/users\/1"}],"replies":[{"embeddable":true,"href":"https:\/\/milimex.ch\/fr\/wp-json\/wp\/v2\/comments?post=240"}],"version-history":[{"count":14,"href":"https:\/\/milimex.ch\/fr\/wp-json\/wp\/v2\/pages\/240\/revisions"}],"predecessor-version":[{"id":342,"href":"https:\/\/milimex.ch\/fr\/wp-json\/wp\/v2\/pages\/240\/revisions\/342"}],"up":[{"embeddable":true,"href":"https:\/\/milimex.ch\/fr\/wp-json\/wp\/v2\/pages\/205"}],"wp:attachment":[{"href":"https:\/\/milimex.ch\/fr\/wp-json\/wp\/v2\/media?parent=240"}],"curies":[{"name":"wp","href":"https:\/\/api.w.org\/{rel}","templated":true}]}}