{"id":25,"date":"2025-12-28T02:14:29","date_gmt":"2025-12-28T01:14:29","guid":{"rendered":"https:\/\/gegagyqa.cyon.site\/milimex\/?page_id=25"},"modified":"2025-12-31T10:35:22","modified_gmt":"2025-12-31T09:35:22","slug":"impressum","status":"publish","type":"page","link":"https:\/\/milimex.ch\/fr\/impressum\/","title":{"rendered":"Impressum et protection des donn\u00e9es"},"content":{"rendered":"<div class=\"wp-block-cover alignfull\" style=\"min-height:400px;aspect-ratio:unset;\"><img loading=\"lazy\" decoding=\"async\" width=\"1024\" height=\"346\" class=\"wp-block-cover__image-background wp-image-87 size-large\" alt=\"\" src=\"https:\/\/gegagyqa.cyon.site\/milimex\/wp-content\/uploads\/sites\/5\/2025\/12\/csm_shutterstock_790663150__1__6e02e8ce2f-1-1024x346.jpg\" data-object-fit=\"cover\" srcset=\"https:\/\/milimex.ch\/wp-content\/uploads\/sites\/5\/2025\/12\/csm_shutterstock_790663150__1__6e02e8ce2f-1-1024x346.jpg 1024w, https:\/\/milimex.ch\/wp-content\/uploads\/sites\/5\/2025\/12\/csm_shutterstock_790663150__1__6e02e8ce2f-1-300x101.jpg 300w, https:\/\/milimex.ch\/wp-content\/uploads\/sites\/5\/2025\/12\/csm_shutterstock_790663150__1__6e02e8ce2f-1-768x259.jpg 768w, https:\/\/milimex.ch\/wp-content\/uploads\/sites\/5\/2025\/12\/csm_shutterstock_790663150__1__6e02e8ce2f-1-1536x519.jpg 1536w, https:\/\/milimex.ch\/wp-content\/uploads\/sites\/5\/2025\/12\/csm_shutterstock_790663150__1__6e02e8ce2f-1-18x6.jpg 18w, https:\/\/milimex.ch\/wp-content\/uploads\/sites\/5\/2025\/12\/csm_shutterstock_790663150__1__6e02e8ce2f-1.jpg 1903w\" sizes=\"auto, (max-width: 1024px) 100vw, 1024px\" \/><span aria-hidden=\"true\" class=\"wp-block-cover__background has-background-dim\" style=\"background-color:#5f5c63\"><\/span><div class=\"wp-block-cover__inner-container has-global-padding is-layout-constrained wp-block-cover-is-layout-constrained\">\n<h1 class=\"wp-block-heading alignwide has-text-align-center has-xx-large-font-size\"><strong>Impressum et protection des donn\u00e9es<\/strong><\/h1>\n<\/div><\/div>\n\n\n\n<div class=\"wp-block-group has-link-color wp-elements-99e0ce1fb58d060d0a519c3725624d08 is-layout-flow wp-container-core-group-is-layout-96c61a97 wp-block-group-is-layout-flow\" style=\"padding-top:var(--wp--preset--spacing--20);padding-right:var(--wp--preset--spacing--20);padding-bottom:var(--wp--preset--spacing--20);padding-left:var(--wp--preset--spacing--20)\">\n<h2 class=\"wp-block-heading has-x-large-font-size\" style=\"margin-bottom:var(--wp--preset--spacing--20)\"><strong>Impressum<\/strong><\/h2>\n\n\n\n<p class=\"has-large-font-size\"><strong>Milimex\u00a0 AG<\/strong><\/p>\n\n\n\n<p class=\"has-medium-font-size\">Route de la Montagne-de-Diesse 39<\/p>\n\n\n\n<p class=\"has-medium-font-size\">2505 Biel\/Bienne<\/p>\n\n\n\n<div style=\"height:var(--wp--preset--spacing--20)\" aria-hidden=\"true\" class=\"wp-block-spacer\"><\/div>\n\n\n\n<p class=\"has-medium-font-size\">E-mail :&nbsp;<a href=\"mailto:f.milanesi@milimex.ch\" target=\"_blank\" rel=\"noreferrer noopener\">f.milanesi@milimex.ch<\/a><\/p>\n\n\n\n<p class=\"has-medium-font-size\">T\u00e9l\u00e9phone :&nbsp;<a href=\"tel:+41794505882\" target=\"_blank\" rel=\"noreferrer noopener\">+41 79 450 58 82<\/a><\/p>\n\n\n\n<div style=\"height:var(--wp--preset--spacing--20)\" aria-hidden=\"true\" class=\"wp-block-spacer\"><\/div>\n\n\n\n<p class=\"has-medium-font-size\">Gesch\u00e4ftsf\u00fchrer: Flavio Milanesi<\/p>\n<\/div>\n\n\n\n<div class=\"wp-block-group has-global-padding is-layout-constrained wp-container-core-group-is-layout-c385debf wp-block-group-is-layout-constrained\" style=\"padding-top:var(--wp--preset--spacing--20);padding-right:var(--wp--preset--spacing--20);padding-bottom:var(--wp--preset--spacing--20);padding-left:var(--wp--preset--spacing--20)\">\n<h2 class=\"wp-block-heading has-x-large-font-size\"><strong>Rechtliche Hinweise<\/strong><\/h2>\n\n\n\n<h3 class=\"wp-block-heading has-large-font-size\"><strong>1. Contenu du site web<\/strong><\/h3>\n\n\n\n<p class=\"has-medium-font-size\">Nous n'assumons aucune responsabilit\u00e9 quant \u00e0 l'actualit\u00e9, l'exactitude, l'exhaustivit\u00e9 ou la qualit\u00e9 des informations mises \u00e0 disposition. Nous ne pouvons en aucun cas \u00eatre tenus pour responsables des dommages mat\u00e9riels ou immat\u00e9riels caus\u00e9s par l'utilisation ou la non-utilisation des informations pr\u00e9sent\u00e9es ou par l'utilisation d'informations erron\u00e9es ou incompl\u00e8tes. Nous nous r\u00e9servons express\u00e9ment le droit de modifier, de compl\u00e9ter ou de supprimer des parties de pages ou l'ensemble de l'offre sans avis pr\u00e9alable, ou d'en suspendre temporairement ou d\u00e9finitivement la publication.<\/p>\n\n\n\n<h3 class=\"wp-block-heading has-large-font-size\"><strong>2. R\u00e9f\u00e9rences et liens<\/strong><\/h3>\n\n\n\n<p class=\"has-medium-font-size\">Nous n'avons aucune influence sur la conception actuelle et future, les contenus ou la paternit\u00e9 des pages li\u00e9es. C'est pourquoi nous nous distan\u00e7ons express\u00e9ment par la pr\u00e9sente de tous les contenus de toutes les pages li\u00e9es. Seul le fournisseur de la page \u00e0 laquelle il a \u00e9t\u00e9 renvoy\u00e9 est responsable des contenus ill\u00e9gaux, erron\u00e9s ou incomplets et en particulier des dommages r\u00e9sultant de l'utilisation ou de la non-utilisation des informations ainsi pr\u00e9sent\u00e9es, et non celui qui ne fait que renvoyer \u00e0 la publication concern\u00e9e par le biais de liens.<\/p>\n\n\n\n<h3 class=\"wp-block-heading has-large-font-size\"><strong>3. Droit d'auteur et droit de marque<\/strong><\/h3>\n\n\n\n<p class=\"has-medium-font-size\">Nous sommes les seuls \u00e0 d\u00e9tenir le copyright des informations et objets publi\u00e9s. Toute reproduction ou utilisation de tels graphiques et textes dans d'autres publications \u00e9lectroniques ou imprim\u00e9es est interdite sans l'autorisation expresse des auteurs.<\/p>\n\n\n\n<h3 class=\"wp-block-heading has-large-font-size\"><strong>4. Validit\u00e9 juridique de la pr\u00e9sente clause de non-responsabilit\u00e9<\/strong><\/h3>\n\n\n\n<p class=\"has-medium-font-size\">La pr\u00e9sente exclusion de responsabilit\u00e9 doit \u00eatre consid\u00e9r\u00e9e comme faisant partie int\u00e9grante de l'offre Internet \u00e0 partir de laquelle il a \u00e9t\u00e9 renvoy\u00e9 \u00e0 cette page. Si des parties ou certaines formulations de ce texte ne devaient pas, plus ou pas enti\u00e8rement correspondre \u00e0 la situation juridique en vigueur, les autres parties du document n'en seraient pas affect\u00e9es dans leur contenu et leur validit\u00e9.<\/p>\n<\/div>\n\n\n\n<p><\/p>","protected":false},"excerpt":{"rendered":"<p>Impressum Milimex\u00a0 AG Tessenbergstrasse 39 2505 Biel\/Bienne E-Mail:&nbsp;f.milanesi@milimex.ch Telefon:&nbsp;+41 79 450 58 82 Gesch\u00e4ftsf\u00fchrer: Flavio Milanesi Rechtliche Hinweise 1. Inhalt der Webseite Wir \u00fcbernehmen keinerlei Gew\u00e4hr f\u00fcr die Aktualit\u00e4t, Korrektheit, Vollst\u00e4ndigkeit oder Qualit\u00e4t der bereitgestellten Informationen. Haftungsanspr\u00fcche gegen uns, welche sich auf Sch\u00e4den materieller oder ideeller Art beziehen, die durch die Nutzung oder Nichtnutzung der [&hellip;]<\/p>\n","protected":false},"author":1,"featured_media":0,"parent":0,"menu_order":0,"comment_status":"closed","ping_status":"closed","template":"","meta":{"footnotes":""},"class_list":["post-25","page","type-page","status-publish","hentry"],"_links":{"self":[{"href":"https:\/\/milimex.ch\/fr\/wp-json\/wp\/v2\/pages\/25","targetHints":{"allow":["GET"]}}],"collection":[{"href":"https:\/\/milimex.ch\/fr\/wp-json\/wp\/v2\/pages"}],"about":[{"href":"https:\/\/milimex.ch\/fr\/wp-json\/wp\/v2\/types\/page"}],"author":[{"embeddable":true,"href":"https:\/\/milimex.ch\/fr\/wp-json\/wp\/v2\/users\/1"}],"replies":[{"embeddable":true,"href":"https:\/\/milimex.ch\/fr\/wp-json\/wp\/v2\/comments?post=25"}],"version-history":[{"count":12,"href":"https:\/\/milimex.ch\/fr\/wp-json\/wp\/v2\/pages\/25\/revisions"}],"predecessor-version":[{"id":318,"href":"https:\/\/milimex.ch\/fr\/wp-json\/wp\/v2\/pages\/25\/revisions\/318"}],"wp:attachment":[{"href":"https:\/\/milimex.ch\/fr\/wp-json\/wp\/v2\/media?parent=25"}],"curies":[{"name":"wp","href":"https:\/\/api.w.org\/{rel}","templated":true}]}}