{"id":251,"date":"2025-12-29T15:20:47","date_gmt":"2025-12-29T14:20:47","guid":{"rendered":"https:\/\/gegagyqa.cyon.site\/milimex\/?page_id=251"},"modified":"2026-04-09T08:42:40","modified_gmt":"2026-04-09T06:42:40","slug":"kuehllager","status":"publish","type":"page","link":"https:\/\/milimex.ch\/fr\/lagersysteme\/kuehllager\/","title":{"rendered":"Stockeur r\u00e9frig\u00e9r\u00e9"},"content":{"rendered":"<div class=\"wp-block-cover alignfull\"><img loading=\"lazy\" decoding=\"async\" width=\"1024\" height=\"576\" class=\"wp-block-cover__image-background wp-image-252 size-large\" alt=\"\" src=\"https:\/\/gegagyqa.cyon.site\/milimex\/wp-content\/uploads\/sites\/5\/2025\/12\/csm_klima_con_Lilya-banner_ce53692795-1024x576.png\" data-object-fit=\"cover\" srcset=\"https:\/\/milimex.ch\/wp-content\/uploads\/sites\/5\/2025\/12\/csm_klima_con_Lilya-banner_ce53692795-1024x576.png 1024w, https:\/\/milimex.ch\/wp-content\/uploads\/sites\/5\/2025\/12\/csm_klima_con_Lilya-banner_ce53692795-300x169.png 300w, https:\/\/milimex.ch\/wp-content\/uploads\/sites\/5\/2025\/12\/csm_klima_con_Lilya-banner_ce53692795-768x432.png 768w, https:\/\/milimex.ch\/wp-content\/uploads\/sites\/5\/2025\/12\/csm_klima_con_Lilya-banner_ce53692795-18x10.png 18w, https:\/\/milimex.ch\/wp-content\/uploads\/sites\/5\/2025\/12\/csm_klima_con_Lilya-banner_ce53692795.png 1200w\" sizes=\"auto, (max-width: 1024px) 100vw, 1024px\" \/><span aria-hidden=\"true\" class=\"wp-block-cover__background has-contrast-background-color has-background-dim\"><\/span><div class=\"wp-block-cover__inner-container has-global-padding is-layout-constrained wp-block-cover-is-layout-constrained\">\n<h6 class=\"wp-block-heading has-text-align-center has-large-font-size\" style=\"letter-spacing:10px\">KLIMA CARGO<\/h6>\n\n\n\n<h1 class=\"wp-block-heading has-text-align-center has-xx-large-font-size\"><strong>Stockeur r\u00e9frig\u00e9r\u00e9<\/strong><\/h1>\n<\/div><\/div>\n\n\n\n<div class=\"wp-block-group alignwide is-layout-flow wp-block-group-is-layout-flow\" style=\"padding-top:var(--wp--preset--spacing--20);padding-right:var(--wp--preset--spacing--20);padding-bottom:var(--wp--preset--spacing--20);padding-left:var(--wp--preset--spacing--20)\">\n<p>Bas\u00e9 sur les rayonnages de type Paternoster, Klima Cargo est le syst\u00e8me de stockage id\u00e9al \u00e0 temp\u00e9rature et humidit\u00e9 contr\u00f4l\u00e9es pour les produits qui n\u00e9cessitent des conditions de stockage particuli\u00e8res.<\/p>\n<\/div>\n\n\n\n<div class=\"wp-block-columns alignwide is-layout-flex wp-container-core-columns-is-layout-0d2466c3 wp-block-columns-is-layout-flex\" style=\"padding-top:var(--wp--preset--spacing--20);padding-right:var(--wp--preset--spacing--20);padding-bottom:var(--wp--preset--spacing--20);padding-left:var(--wp--preset--spacing--20)\">\n<div class=\"wp-block-column is-layout-flow wp-block-column-is-layout-flow\">\n<div class=\"wp-block-group is-vertical is-layout-flex wp-container-core-group-is-layout-fe9cc265 wp-block-group-is-layout-flex\">\n<h2 class=\"wp-block-heading has-x-large-font-size\"><strong>Vos avantages avec le KLIMA<\/strong><\/h2>\n\n\n\n<h3 class=\"wp-block-heading has-large-font-size\" style=\"text-transform:uppercase\"><strong>Personnalisation<\/strong><\/h3>\n\n\n\n<ul class=\"wp-block-list\">\n<li class=\"has-medium-font-size\">Utilisation maximale de la hauteur disponible sur une surface tr\u00e8s limit\u00e9e.<\/li>\n\n\n\n<li class=\"has-medium-font-size\">Configuration personnalis\u00e9e des plateaux et int\u00e9gration d'\u00e9quipements sp\u00e9ciaux selon les besoins.<\/li>\n<\/ul>\n\n\n\n<h3 class=\"wp-block-heading has-large-font-size\" style=\"text-transform:uppercase\"><strong>S\u00e9curit\u00e9<\/strong><\/h3>\n\n\n\n<ul class=\"wp-block-list\">\n<li class=\"has-medium-font-size\">Protection de tous les produits stock\u00e9s, avec des restrictions d'acc\u00e8s pour le personnel non autoris\u00e9.<\/li>\n<\/ul>\n\n\n\n<h3 class=\"wp-block-heading has-large-font-size\" style=\"text-transform:uppercase\"><strong>Tra\u00e7abilit\u00e9<\/strong><\/h3>\n\n\n\n<ul class=\"wp-block-list\">\n<li class=\"has-medium-font-size\">Tra\u00e7abilit\u00e9 et enregistrement de tous les acc\u00e8s et op\u00e9rations.<\/li>\n<\/ul>\n\n\n\n<ul class=\"wp-block-list\">\n<li><\/li>\n<\/ul>\n\n\n\n<h3 class=\"wp-block-heading has-large-font-size\" style=\"text-transform:uppercase\"><strong>Ergonomie<\/strong><\/h3>\n\n\n\n<ul class=\"wp-block-list\">\n<li class=\"has-medium-font-size\">Exploitation bas\u00e9e sur le principe du Goods-to-Person.<\/li>\n<\/ul>\n<\/div>\n<\/div>\n\n\n\n<div class=\"wp-block-column is-layout-flow wp-block-column-is-layout-flow\">\n<div class=\"wp-block-group is-vertical is-content-justification-center is-layout-flex wp-container-core-group-is-layout-ce155fab wp-block-group-is-layout-flex\">\n<figure class=\"wp-block-image size-full\"><img loading=\"lazy\" decoding=\"async\" width=\"1140\" height=\"1520\" src=\"https:\/\/gegagyqa.cyon.site\/milimex\/wp-content\/uploads\/sites\/5\/2025\/12\/csm_20200129_100936_4bbec34cfc.jpg\" alt=\"\" class=\"wp-image-253\" srcset=\"https:\/\/milimex.ch\/wp-content\/uploads\/sites\/5\/2025\/12\/csm_20200129_100936_4bbec34cfc.jpg 1140w, https:\/\/milimex.ch\/wp-content\/uploads\/sites\/5\/2025\/12\/csm_20200129_100936_4bbec34cfc-225x300.jpg 225w, https:\/\/milimex.ch\/wp-content\/uploads\/sites\/5\/2025\/12\/csm_20200129_100936_4bbec34cfc-768x1024.jpg 768w, https:\/\/milimex.ch\/wp-content\/uploads\/sites\/5\/2025\/12\/csm_20200129_100936_4bbec34cfc-9x12.jpg 9w\" sizes=\"auto, (max-width: 1140px) 100vw, 1140px\" \/><\/figure>\n\n\n\n<div style=\"height:0px\" aria-hidden=\"true\" class=\"wp-block-spacer wp-container-content-728072c3\"><\/div>\n\n\n\n<figure class=\"wp-block-image size-full\"><img loading=\"lazy\" decoding=\"async\" width=\"1140\" height=\"555\" src=\"https:\/\/gegagyqa.cyon.site\/milimex\/wp-content\/uploads\/sites\/5\/2025\/12\/csm_20200319_142302_9a0ff14e88.jpg\" alt=\"\" class=\"wp-image-254\" srcset=\"https:\/\/milimex.ch\/wp-content\/uploads\/sites\/5\/2025\/12\/csm_20200319_142302_9a0ff14e88.jpg 1140w, https:\/\/milimex.ch\/wp-content\/uploads\/sites\/5\/2025\/12\/csm_20200319_142302_9a0ff14e88-300x146.jpg 300w, https:\/\/milimex.ch\/wp-content\/uploads\/sites\/5\/2025\/12\/csm_20200319_142302_9a0ff14e88-1024x499.jpg 1024w, https:\/\/milimex.ch\/wp-content\/uploads\/sites\/5\/2025\/12\/csm_20200319_142302_9a0ff14e88-768x374.jpg 768w, https:\/\/milimex.ch\/wp-content\/uploads\/sites\/5\/2025\/12\/csm_20200319_142302_9a0ff14e88-18x9.jpg 18w\" sizes=\"auto, (max-width: 1140px) 100vw, 1140px\" \/><\/figure>\n<\/div>\n<\/div>\n<\/div>\n\n\n\n<div class=\"wp-block-columns alignwide is-layout-flex wp-container-core-columns-is-layout-0d2466c3 wp-block-columns-is-layout-flex\" style=\"padding-top:var(--wp--preset--spacing--20);padding-right:var(--wp--preset--spacing--20);padding-bottom:var(--wp--preset--spacing--20);padding-left:var(--wp--preset--spacing--20)\">\n<div class=\"wp-block-column is-layout-flow wp-block-column-is-layout-flow\">\n<div class=\"wp-block-group is-vertical is-layout-flex wp-container-core-group-is-layout-fe9cc265 wp-block-group-is-layout-flex\">\n<h2 class=\"wp-block-heading has-x-large-font-size\"><strong>Klima Cargo : temp\u00e9rature et humidit\u00e9 contr\u00f4l\u00e9es<\/strong><\/h2>\n\n\n\n<p class=\"has-medium-font-size\">Klima Cargo a une grande flexibilit\u00e9 de dimensionnement avec une hauteur allant jusqu'\u00e0 6 m\u00e8tres. Cela permet aux clients d'\u00e9viter compl\u00e8tement l'installation de chambres froides. Les plateaux rotatifs peuvent \u00eatre parfaitement adapt\u00e9s aux dimensions g\u00e9om\u00e9triques des produits.<\/p>\n\n\n\n<p class=\"has-medium-font-size\">Le Klima Cargo est isol\u00e9 par des panneaux en polyur\u00e9thane qui couvrent toute la surface ext\u00e9rieure du Klima Cargo. Le syst\u00e8me de refroidissement est un appareil monobloc compos\u00e9 d'une unit\u00e9 de condensation externe et d'un \u00e9vaporateur d'air interne. Un tableau de commande \u00e9lectronique permet de g\u00e9rer, de contr\u00f4ler, de prot\u00e9ger, de s\u00e9curiser et de suivre le fonctionnement du syst\u00e8me de r\u00e9frig\u00e9ration et de climatisation. L'ouverture frontale est constitu\u00e9e d'une s\u00e9rie de portes en verre anti-condensation qui s'ouvrent et se ferment facilement. Il est possible de r\u00e9gler la temp\u00e9rature de Klima Cargo entre +2\u00b0C et +45\u00b0C.<\/p>\n<\/div>\n<\/div>\n\n\n\n<div class=\"wp-block-column is-layout-flow wp-block-column-is-layout-flow\">\n<figure class=\"wp-block-image aligncenter size-full\"><img loading=\"lazy\" decoding=\"async\" width=\"1920\" height=\"2560\" src=\"https:\/\/gegagyqa.cyon.site\/milimex\/wp-content\/uploads\/sites\/5\/2025\/12\/klima_cargo3-copia-scaled.jpg\" alt=\"\" class=\"wp-image-129\" srcset=\"https:\/\/milimex.ch\/wp-content\/uploads\/sites\/5\/2025\/12\/klima_cargo3-copia-scaled.jpg 1920w, https:\/\/milimex.ch\/wp-content\/uploads\/sites\/5\/2025\/12\/klima_cargo3-copia-225x300.jpg 225w, https:\/\/milimex.ch\/wp-content\/uploads\/sites\/5\/2025\/12\/klima_cargo3-copia-768x1024.jpg 768w, https:\/\/milimex.ch\/wp-content\/uploads\/sites\/5\/2025\/12\/klima_cargo3-copia-1152x1536.jpg 1152w, https:\/\/milimex.ch\/wp-content\/uploads\/sites\/5\/2025\/12\/klima_cargo3-copia-1536x2048.jpg 1536w, https:\/\/milimex.ch\/wp-content\/uploads\/sites\/5\/2025\/12\/klima_cargo3-copia-9x12.jpg 9w\" sizes=\"auto, (max-width: 1920px) 100vw, 1920px\" \/><\/figure>\n<\/div>\n<\/div>\n\n\n\n<div class=\"wp-block-columns alignwide is-layout-flex wp-container-core-columns-is-layout-0d2466c3 wp-block-columns-is-layout-flex\" style=\"padding-top:var(--wp--preset--spacing--20);padding-right:var(--wp--preset--spacing--20);padding-bottom:var(--wp--preset--spacing--20);padding-left:var(--wp--preset--spacing--20)\">\n<div class=\"wp-block-column is-layout-flow wp-block-column-is-layout-flow\">\n<div class=\"wp-block-group is-vertical is-layout-flex wp-container-core-group-is-layout-fe9cc265 wp-block-group-is-layout-flex\">\n<h6 class=\"wp-block-heading has-small-font-size\" style=\"letter-spacing:10px;text-transform:uppercase\">Notre partenaire<\/h6>\n\n\n\n<h2 class=\"wp-block-heading\"><strong>Cyber<\/strong><\/h2>\n\n\n\n<p class=\"has-medium-font-size\">Depuis sa cr\u00e9ation en 1982, Cyber s'est fix\u00e9 pour objectif de r\u00e9aliser des solutions de stockage personnalis\u00e9es qui permettent aux clients de gagner de la place et de r\u00e9duire le temps d'acc\u00e8s aux produits stock\u00e9s. La gestion logique et organique de l'ensemble du stock permet d'am\u00e9liorer consid\u00e9rablement la productivit\u00e9 au quotidien. Cyber d\u00e9veloppe et produit ses syst\u00e8mes de stockage \u00e0 co\u00fbts optimis\u00e9s \u00e0 Ferrara.<\/p>\n<\/div>\n<\/div>\n\n\n\n<div class=\"wp-block-column is-layout-flow wp-block-column-is-layout-flow\">\n<figure class=\"wp-block-image aligncenter size-full\"><img loading=\"lazy\" decoding=\"async\" width=\"656\" height=\"287\" src=\"https:\/\/gegagyqa.cyon.site\/milimex\/wp-content\/uploads\/sites\/5\/2025\/12\/cyber-italia-logo-blau.png\" alt=\"\" class=\"wp-image-116\" srcset=\"https:\/\/milimex.ch\/wp-content\/uploads\/sites\/5\/2025\/12\/cyber-italia-logo-blau.png 656w, https:\/\/milimex.ch\/wp-content\/uploads\/sites\/5\/2025\/12\/cyber-italia-logo-blau-300x131.png 300w, https:\/\/milimex.ch\/wp-content\/uploads\/sites\/5\/2025\/12\/cyber-italia-logo-blau-18x8.png 18w\" sizes=\"auto, (max-width: 656px) 100vw, 656px\" \/><\/figure>\n<\/div>\n<\/div>\n\n\n\n<div class=\"wp-block-group alignwide is-vertical is-content-justification-center is-layout-flex wp-container-core-group-is-layout-bc1c67bb wp-block-group-is-layout-flex\" style=\"padding-top:var(--wp--preset--spacing--20);padding-right:var(--wp--preset--spacing--20);padding-bottom:var(--wp--preset--spacing--20);padding-left:var(--wp--preset--spacing--20)\">\n<p class=\"has-large-font-size\" style=\"text-transform:uppercase\">En savoir plus<\/p>\n\n\n\n<div class=\"wp-block-buttons is-layout-flex wp-block-buttons-is-layout-flex\">\n<div class=\"wp-block-button\"><a class=\"wp-block-button__link has-background has-medium-font-size has-custom-font-size wp-element-button\" href=\"https:\/\/milimex.ch\/wp-content\/uploads\/sites\/5\/2026\/04\/factsheet_cargo_FR.pdf\" style=\"border-top-left-radius:0px;border-top-right-radius:0px;border-bottom-left-radius:0px;border-bottom-right-radius:0px;background-color:#cc0f1f;letter-spacing:2px;text-transform:uppercase\" target=\"_blank\" rel=\"noreferrer noopener\"><strong>Factsheet<\/strong><\/a><\/div>\n<\/div>\n<\/div>\n\n\n\n<div class=\"wp-block-group alignwide is-vertical is-content-justification-center is-layout-flex wp-container-core-group-is-layout-bc1c67bb wp-block-group-is-layout-flex\" style=\"padding-top:var(--wp--preset--spacing--20);padding-right:var(--wp--preset--spacing--20);padding-bottom:var(--wp--preset--spacing--20);padding-left:var(--wp--preset--spacing--20)\">\n<p class=\"has-large-font-size\" style=\"text-transform:uppercase\">Contactez-nous maintenant<\/p>\n\n\n\n<div class=\"wp-block-buttons is-layout-flex wp-block-buttons-is-layout-flex\">\n<div class=\"wp-block-button\"><a class=\"wp-block-button__link has-background has-medium-font-size has-custom-font-size wp-element-button\" href=\"https:\/\/milimex.ch\/fr\/kontakt\/\" style=\"border-top-left-radius:0px;border-top-right-radius:0px;border-bottom-left-radius:0px;border-bottom-right-radius:0px;background-color:#cc0f1f;letter-spacing:2px;text-transform:uppercase\"><strong>Contact<\/strong><\/a><\/div>\n<\/div>\n<\/div>\n\n\n\n<p><\/p>","protected":false},"excerpt":{"rendered":"<p>Basierend auf dem Paternoster-System ist&nbsp;Klima Cargo&nbsp;das ideale temperatur- und feuchtigkeitsgesteuerte Lagersystem f\u00fcr Produkte, die besondere Lagerbedingungen erfordern. Ihre Vorteile mit Klima Cargo auf einen Blick Individualisierung Sicherheit R\u00fcckverfolgbarkeit Ergonomie Klima Cargo: Kontrollierte Temperatur und Feuchtigkeit Klima Cargo hat eine enorme Flexibilit\u00e4t bei der Dimensionierung mit einer H\u00f6he von bis zu 6 Metern. Dies erm\u00f6glicht es [&hellip;]<\/p>\n","protected":false},"author":1,"featured_media":0,"parent":205,"menu_order":0,"comment_status":"closed","ping_status":"closed","template":"","meta":{"footnotes":""},"class_list":["post-251","page","type-page","status-publish","hentry"],"_links":{"self":[{"href":"https:\/\/milimex.ch\/fr\/wp-json\/wp\/v2\/pages\/251","targetHints":{"allow":["GET"]}}],"collection":[{"href":"https:\/\/milimex.ch\/fr\/wp-json\/wp\/v2\/pages"}],"about":[{"href":"https:\/\/milimex.ch\/fr\/wp-json\/wp\/v2\/types\/page"}],"author":[{"embeddable":true,"href":"https:\/\/milimex.ch\/fr\/wp-json\/wp\/v2\/users\/1"}],"replies":[{"embeddable":true,"href":"https:\/\/milimex.ch\/fr\/wp-json\/wp\/v2\/comments?post=251"}],"version-history":[{"count":5,"href":"https:\/\/milimex.ch\/fr\/wp-json\/wp\/v2\/pages\/251\/revisions"}],"predecessor-version":[{"id":345,"href":"https:\/\/milimex.ch\/fr\/wp-json\/wp\/v2\/pages\/251\/revisions\/345"}],"up":[{"embeddable":true,"href":"https:\/\/milimex.ch\/fr\/wp-json\/wp\/v2\/pages\/205"}],"wp:attachment":[{"href":"https:\/\/milimex.ch\/fr\/wp-json\/wp\/v2\/media?parent=251"}],"curies":[{"name":"wp","href":"https:\/\/api.w.org\/{rel}","templated":true}]}}